{"id":22968,"date":"2026-03-12T11:46:41","date_gmt":"2026-03-12T10:46:41","guid":{"rendered":"https:\/\/metax.org\/single-amino-acids\/ornithine\/"},"modified":"2026-04-14T11:40:57","modified_gmt":"2026-04-14T09:40:57","slug":"ornithine","status":"publish","type":"page","link":"https:\/\/metax.org\/en\/single-amino-acids-2\/ornithine\/","title":{"rendered":"Ornithine"},"content":{"rendered":"<p><div class=\"fusion-fullwidth fullwidth-box fusion-builder-row-1 fusion-flex-container nonhundred-percent-fullwidth non-hundred-percent-height-scrolling\" style=\"--awb-border-sizes-top:0px;--awb-border-sizes-bottom:0px;--awb-border-sizes-left:0px;--awb-border-sizes-right:0px;--awb-border-color:var(--awb-custom_color_2);--awb-border-radius-top-left:0px;--awb-border-radius-top-right:0px;--awb-border-radius-bottom-right:0px;--awb-border-radius-bottom-left:0px;--awb-padding-bottom:0px;--awb-padding-left:0px;--awb-margin-top:48px;--awb-margin-bottom:0px;--awb-flex-wrap:wrap;\" ><div class=\"fusion-builder-row fusion-row fusion-flex-align-items-center fusion-flex-align-content-flex-start fusion-flex-content-wrap\" style=\"max-width:1248px;margin-left: calc(-4% \/ 2 );margin-right: calc(-4% \/ 2 );\"><div class=\"fusion-layout-column fusion_builder_column fusion-builder-column-0 fusion_builder_column_1_1 1_1 fusion-flex-column\" style=\"--awb-padding-top:20px;--awb-padding-right:23px;--awb-padding-bottom:12px;--awb-padding-left:20px;--awb-bg-image:radial-gradient(circle at center center, var(--awb-color1) 0%,rgba(190,49,61,0.21) 100%);--awb-bg-size:cover;--awb-width-large:100%;--awb-margin-top-large:0px;--awb-spacing-right-large:2.016%;--awb-margin-bottom-large:0px;--awb-spacing-left-large:2.016%;--awb-width-medium:100%;--awb-order-medium:0;--awb-spacing-right-medium:2.016%;--awb-spacing-left-medium:2.016%;--awb-width-small:100%;--awb-order-small:0;--awb-spacing-right-small:1.92%;--awb-spacing-left-small:1.92%;\"><div class=\"fusion-column-wrapper fusion-column-has-shadow fusion-flex-justify-content-flex-start fusion-content-layout-column\"><div class=\"fusion-image-element \" style=\"text-align:center;--awb-max-width:500px;--awb-caption-title-font-family:var(--h2_typography-font-family);--awb-caption-title-font-weight:var(--h2_typography-font-weight);--awb-caption-title-font-style:var(--h2_typography-font-style);--awb-caption-title-size:var(--h2_typography-font-size);--awb-caption-title-transform:var(--h2_typography-text-transform);--awb-caption-title-line-height:var(--h2_typography-line-height);--awb-caption-title-letter-spacing:var(--h2_typography-letter-spacing);\"><span class=\" fusion-imageframe imageframe-none imageframe-1 hover-type-none\"><img loading=\"lazy\" decoding=\"async\" width=\"540\" height=\"340\" alt=\"Ornithine single amino acid\" title=\"_en_ornithine\" src=\"https:\/\/metax.org\/wp-content\/uploads\/de_ornithin.png\" class=\"img-responsive wp-image-22969\" srcset=\"https:\/\/metax.org\/wp-content\/uploads\/de_ornithin-200x126.png 200w, https:\/\/metax.org\/wp-content\/uploads\/de_ornithin-400x252.png 400w, https:\/\/metax.org\/wp-content\/uploads\/de_ornithin.png 540w\" sizes=\"auto, (max-width: 640px) 100vw, 540px\" \/><\/span><\/div><\/div><\/div><\/div><\/div><div class=\"fusion-fullwidth fullwidth-box fusion-builder-row-2 fusion-flex-container nonhundred-percent-fullwidth non-hundred-percent-height-scrolling\" style=\"--awb-border-sizes-bottom:0px;--awb-border-radius-top-left:0px;--awb-border-radius-top-right:0px;--awb-border-radius-bottom-right:0px;--awb-border-radius-bottom-left:0px;--awb-padding-right:40px;--awb-padding-bottom:20px;--awb-padding-left:40px;--awb-padding-right-small:12px;--awb-padding-left-small:12px;--awb-margin-top:30px;--awb-margin-bottom:30px;--awb-background-color:var(--awb-color1);--awb-flex-wrap:wrap;\" ><div class=\"fusion-builder-row fusion-row fusion-flex-align-items-flex-start fusion-flex-content-wrap\" style=\"max-width:1248px;margin-left: calc(-4% \/ 2 );margin-right: calc(-4% \/ 2 );\"><div class=\"fusion-layout-column fusion_builder_column fusion-builder-column-1 fusion_builder_column_1_1 1_1 fusion-flex-column\" style=\"--awb-padding-top:30px;--awb-bg-size:cover;--awb-width-large:100%;--awb-margin-top-large:0px;--awb-spacing-right-large:1.92%;--awb-margin-bottom-large:20px;--awb-spacing-left-large:1.92%;--awb-width-medium:100%;--awb-order-medium:0;--awb-spacing-right-medium:1.92%;--awb-spacing-left-medium:1.92%;--awb-width-small:100%;--awb-order-small:0;--awb-spacing-right-small:1.92%;--awb-spacing-left-small:1.92%;\"><div class=\"fusion-column-wrapper fusion-column-has-shadow fusion-flex-justify-content-flex-start fusion-content-layout-column\"><div class=\"fusion-text fusion-text-1\"><h1 class=\"\" style=\"text-align: center;\" data-fontsize=\"48\" data-lineheight=\"57.6px\">Ornithine<\/h1>\n<h2 class=\"\" style=\"text-align: center;\" data-fontsize=\"30\" data-lineheight=\"36px\">single amino acid<\/h2>\n<\/div><\/div><\/div><div class=\"fusion-layout-column fusion_builder_column fusion-builder-column-2 fusion_builder_column_1_1 1_1 fusion-flex-column fusion-flex-align-self-flex-start difp-produktbeschreibung\" style=\"--awb-padding-right:43px;--awb-bg-size:cover;--awb-width-large:100%;--awb-margin-top-large:0px;--awb-spacing-right-large:1.92%;--awb-margin-bottom-large:20px;--awb-spacing-left-large:1.92%;--awb-width-medium:100%;--awb-order-medium:0;--awb-spacing-right-medium:1.92%;--awb-spacing-left-medium:1.92%;--awb-width-small:100%;--awb-order-small:0;--awb-spacing-right-small:1.92%;--awb-spacing-left-small:1.92%;\"><div class=\"fusion-column-wrapper fusion-column-has-shadow fusion-flex-justify-content-flex-start fusion-content-layout-row\"><div class=\"fusion-text fusion-text-2\"><p>Ornithine is highly concentrated L-ornithine in powder form.<\/p>\n<p>Food for special medical purposes (balanced diet) for diet management in rare congenital metabolic disorders, e.g. arginase 1 deficiency, guanidinoacetate methyltransferase (GAMT) deficiency, when supplementation with L-ornithine is required.<\/p>\n<\/div><div style=\"text-align:left;\"><a class=\"fusion-button button-flat fusion-button-default-size button-custom fusion-button-default button-1 fusion-button-default-span fusion-button-default-type\" style=\"--button_accent_color:var(--awb-color2);--button_border_color:var(--awb-color2);--button_accent_hover_color:var(--awb-color1);--button_border_hover_color:var(--awb-color1);--button_border_width-top:2px;--button_border_width-right:2px;--button_border_width-bottom:2px;--button_border_width-left:2px;--button-border-radius-top-left:5px;--button-border-radius-top-right:5px;--button-border-radius-bottom-right:5px;--button-border-radius-bottom-left:5px;--button_gradient_top_color:rgba(255,255,255,0);--button_gradient_bottom_color:rgba(255,255,255,0);--button_gradient_top_color_hover:var(--awb-color3);--button_gradient_bottom_color_hover:var(--awb-color3);--button_font_size:18px;--button_padding-top:10px;--button_padding-right:10px;--button_padding-bottom:8px;--button_padding-left:10px;--button_margin-top:40px;\" target=\"_self\" href=\"https:\/\/metax.org\/en\/search-contact\/\"><span class=\"fusion-button-text awb-button__text awb-button__text--default\">Order Product Sample<\/span><\/a><\/div><\/div><\/div><div class=\"fusion-layout-column fusion_builder_column fusion-builder-column-3 fusion_builder_column_1_1 1_1 fusion-flex-column fusion-flex-align-self-flex-start\" style=\"--awb-bg-size:cover;--awb-width-large:100%;--awb-margin-top-large:28px;--awb-spacing-right-large:1.92%;--awb-margin-bottom-large:20px;--awb-spacing-left-large:1.92%;--awb-width-medium:100%;--awb-order-medium:0;--awb-spacing-right-medium:1.92%;--awb-spacing-left-medium:1.92%;--awb-width-small:100%;--awb-order-small:0;--awb-spacing-right-small:1.92%;--awb-spacing-left-small:1.92%;\"><div class=\"fusion-column-wrapper fusion-column-has-shadow fusion-flex-justify-content-flex-start fusion-content-layout-block\"><div class=\"fusion-separator fusion-full-width-sep\" style=\"align-self: center;margin-left: auto;margin-right: auto;margin-top:20px;width:100%;\"><div class=\"fusion-separator-border sep-single sep-solid\" style=\"--awb-height:20px;--awb-amount:20px;--awb-sep-color:#eaeaea;border-color:#eaeaea;border-top-width:1px;\"><\/div><\/div><div class=\"accordian fusion-accordian\" style=\"--awb-border-size:1px;--awb-icon-size:16px;--awb-content-font-size:var(--awb-typography4-font-size);--awb-icon-alignment:right;--awb-hover-color:var(--awb-color2);--awb-border-color:var(--awb-color3);--awb-background-color:var(--awb-color1);--awb-divider-color:var(--awb-color2);--awb-divider-hover-color:var(--awb-color3);--awb-icon-color:var(--awb-color1);--awb-title-color:var(--awb-color2);--awb-content-color:var(--awb-custom_color_3);--awb-icon-box-color:var(--awb-color2);--awb-toggle-hover-accent-color:var(--awb-color3);--awb-title-font-family:var(--awb-typography1-font-family);--awb-title-font-weight:var(--awb-typography1-font-weight);--awb-title-font-style:var(--awb-typography1-font-style);--awb-title-font-size:20px;--awb-content-font-family:var(--awb-typography4-font-family);--awb-content-font-weight:var(--awb-typography4-font-weight);--awb-content-font-style:var(--awb-typography4-font-style);\"><div class=\"panel-group fusion-toggle-icon-right fusion-toggle-icon-boxed\" id=\"accordion-22968-1\"><div class=\"fusion-panel panel-default difp-produktinformation difp-pdf-uebersetzung panel-a79a8e8e10be72e12 fusion-toggle-has-divider\" style=\"--awb-title-color:var(--awb-color2);--awb-content-color:var(--awb-custom_color_3);\"><div class=\"panel-heading\"><h3 class=\"panel-title toggle\" id=\"toggle_a79a8e8e10be72e12\"><a aria-expanded=\"false\" aria-controls=\"a79a8e8e10be72e12\" role=\"button\" data-toggle=\"collapse\" data-parent=\"#accordion-22968-1\" data-target=\"#a79a8e8e10be72e12\" href=\"#a79a8e8e10be72e12\"><span class=\"fusion-toggle-icon-wrapper\" aria-hidden=\"true\"><i class=\"fa-fusion-box active-icon fa-arrow-circle-up fas\" aria-hidden=\"true\"><\/i><i class=\"fa-fusion-box inactive-icon fa-arrow-circle-down fas\" aria-hidden=\"true\"><\/i><\/span><span class=\"fusion-toggle-heading\">Product Information<\/span><\/a><\/h3><\/div><div id=\"a79a8e8e10be72e12\" class=\"panel-collapse collapse \" aria-labelledby=\"toggle_a79a8e8e10be72e12\"><div class=\"panel-body toggle-content fusion-clearfix\">Would you like a PDF of our product information? Click on the following link: <a href=\"https:\/\/metax.org\/wp-content\/uploads\/metax_de_pi_ornithin.pdf\" target=\"_blank\" rel=\"noopener\"><strong>DOWNLOAD \u2193<\/strong><\/a><\/div><\/div><\/div><div class=\"fusion-panel panel-default difp-pdf-uebersetzung panel-9f125b7770b55226f fusion-toggle-has-divider\" style=\"--awb-title-color:var(--awb-color2);--awb-content-color:var(--awb-custom_color_3);\"><div class=\"panel-heading\"><h3 class=\"panel-title toggle\" id=\"toggle_9f125b7770b55226f\"><a aria-expanded=\"false\" aria-controls=\"9f125b7770b55226f\" role=\"button\" data-toggle=\"collapse\" data-parent=\"#accordion-22968-1\" data-target=\"#9f125b7770b55226f\" href=\"#9f125b7770b55226f\"><span class=\"fusion-toggle-icon-wrapper\" aria-hidden=\"true\"><i class=\"fa-fusion-box active-icon fa-arrow-circle-up fas\" aria-hidden=\"true\"><\/i><i class=\"fa-fusion-box inactive-icon fa-arrow-circle-down fas\" aria-hidden=\"true\"><\/i><\/span><span class=\"fusion-toggle-heading\">Consumer Information<\/span><\/a><\/h3><\/div><div id=\"9f125b7770b55226f\" class=\"panel-collapse collapse \" aria-labelledby=\"toggle_9f125b7770b55226f\"><div class=\"panel-body toggle-content fusion-clearfix\">Would you like a PDF of our consumer information? Click on the following link: <a href=\"https:\/\/metax.org\/wp-content\/uploads\/metax_de_vi_ornithin.pdf\" target=\"_blank\" rel=\"noopener\"><strong>DOWNLOAD \u2193<\/strong><\/a><\/div><\/div><\/div><div class=\"fusion-panel panel-default panel-b477aa376b1d922e3 fusion-toggle-has-divider\"><div class=\"panel-heading\"><h3 class=\"panel-title toggle\" id=\"toggle_b477aa376b1d922e3\"><a aria-expanded=\"false\" aria-controls=\"b477aa376b1d922e3\" role=\"button\" data-toggle=\"collapse\" data-parent=\"#accordion-22968-1\" data-target=\"#b477aa376b1d922e3\" href=\"#b477aa376b1d922e3\"><span class=\"fusion-toggle-icon-wrapper\" aria-hidden=\"true\"><i class=\"fa-fusion-box active-icon fa-arrow-circle-up fas\" aria-hidden=\"true\"><\/i><i class=\"fa-fusion-box inactive-icon fa-arrow-circle-down fas\" aria-hidden=\"true\"><\/i><\/span><span class=\"fusion-toggle-heading\">Product Features<\/span><\/a><\/h3><\/div><div id=\"b477aa376b1d922e3\" class=\"panel-collapse collapse \" aria-labelledby=\"toggle_b477aa376b1d922e3\"><div class=\"panel-body toggle-content fusion-clearfix\">\n<ul>\n<li>L-ornithine powder<\/li>\n<li>suitable for tube feeding<\/li>\n<li>100 g tin<\/li>\n<\/ul>\n<\/div><\/div><\/div><div class=\"fusion-panel panel-default panel-1fd68a4314f8c20f7 fusion-toggle-has-divider\"><div class=\"panel-heading\"><h3 class=\"panel-title toggle\" id=\"toggle_1fd68a4314f8c20f7\"><a aria-expanded=\"false\" aria-controls=\"1fd68a4314f8c20f7\" role=\"button\" data-toggle=\"collapse\" data-parent=\"#accordion-22968-1\" data-target=\"#1fd68a4314f8c20f7\" href=\"#1fd68a4314f8c20f7\"><span class=\"fusion-toggle-icon-wrapper\" aria-hidden=\"true\"><i class=\"fa-fusion-box active-icon fa-arrow-circle-up fas\" aria-hidden=\"true\"><\/i><i class=\"fa-fusion-box inactive-icon fa-arrow-circle-down fas\" aria-hidden=\"true\"><\/i><\/span><span class=\"fusion-toggle-heading\">Dosage<\/span><\/a><\/h3><\/div><div id=\"1fd68a4314f8c20f7\" class=\"panel-collapse collapse \" aria-labelledby=\"toggle_1fd68a4314f8c20f7\"><div class=\"panel-body toggle-content fusion-clearfix\">The daily dose depends on age, body weight and the individual metabolic situation and, like the time of intake, is determined under medical supervision. Ornithine can be combined well with the products of the plus8 system.<\/div><\/div><\/div><div class=\"fusion-panel panel-default panel-d5afcbcb6a52bbffa fusion-toggle-has-divider\"><div class=\"panel-heading\"><h3 class=\"panel-title toggle\" id=\"toggle_d5afcbcb6a52bbffa\"><a aria-expanded=\"false\" aria-controls=\"d5afcbcb6a52bbffa\" role=\"button\" data-toggle=\"collapse\" data-parent=\"#accordion-22968-1\" data-target=\"#d5afcbcb6a52bbffa\" href=\"#d5afcbcb6a52bbffa\"><span class=\"fusion-toggle-icon-wrapper\" aria-hidden=\"true\"><i class=\"fa-fusion-box active-icon fa-arrow-circle-up fas\" aria-hidden=\"true\"><\/i><i class=\"fa-fusion-box inactive-icon fa-arrow-circle-down fas\" aria-hidden=\"true\"><\/i><\/span><span class=\"fusion-toggle-heading\">Important Notice<\/span><\/a><\/h3><\/div><div id=\"d5afcbcb6a52bbffa\" class=\"panel-collapse collapse \" aria-labelledby=\"toggle_d5afcbcb6a52bbffa\"><div class=\"panel-body toggle-content fusion-clearfix\">\n<p>Must only be used under medical supervision. Not for use as a sole source of nutrition. For enteral use only. Only for people with <span style=\"color: var(--awb-content-color); font-family: var(--awb-content-font-family); font-size: var(--awb-content-font-size); font-style: var(--awb-content-font-style); font-weight: var(--awb-content-font-weight); letter-spacing: var(--awb-content-letter-spacing); text-transform: var(--awb-content-text-transform);\">rare congenital metabolic disorders<\/span><span style=\"color: var(--awb-content-color); font-family: var(--awb-content-font-family); font-size: var(--awb-content-font-size); font-style: var(--awb-content-font-style); font-weight: var(--awb-content-font-weight); letter-spacing: var(--awb-content-letter-spacing); text-transform: var(--awb-content-text-transform);\">, e.g. arginase 1 deficiency or GAMT deficiency. Not suitable for infants in the first year of life.<\/span><\/p>\n<\/div><\/div><\/div><div class=\"fusion-panel panel-default panel-18221758af53025aa fusion-toggle-has-divider\" style=\"--awb-content-font-size:20px;--awb-title-color:var(--awb-color2);--awb-content-color:var(--awb-custom_color_3);\"><div class=\"panel-heading\"><h3 class=\"panel-title toggle\" id=\"toggle_18221758af53025aa\"><a aria-expanded=\"false\" aria-controls=\"18221758af53025aa\" role=\"button\" data-toggle=\"collapse\" data-parent=\"#accordion-22968-1\" data-target=\"#18221758af53025aa\" href=\"#18221758af53025aa\"><span class=\"fusion-toggle-icon-wrapper\" aria-hidden=\"true\"><i class=\"fa-fusion-box active-icon fa-arrow-circle-up fas\" aria-hidden=\"true\"><\/i><i class=\"fa-fusion-box inactive-icon fa-arrow-circle-down fas\" aria-hidden=\"true\"><\/i><\/span><span class=\"fusion-toggle-heading\">Ordering Information<\/span><\/a><\/h3><\/div><div id=\"18221758af53025aa\" class=\"panel-collapse collapse \" aria-labelledby=\"toggle_18221758af53025aa\"><div class=\"panel-body toggle-content fusion-clearfix\">\n<table border=\"1\" width=\"100%\">\n<tbody>\n<tr>\n<td>\n<h4 class=\"fusion-responsive-typography-calculated\" style=\"text-align: center; --fontsize: 18; line-height: 1.25; --minfontsize: 18;\" data-fontsize=\"18\" data-lineheight=\"22.5px\">Product<\/h4>\n<\/td>\n<td>\n<h4 class=\"fusion-responsive-typography-calculated\" style=\"text-align: center; --fontsize: 18; line-height: 1.25; --minfontsize: 18;\" data-fontsize=\"18\" data-lineheight=\"22.5px\">Packing<\/h4>\n<\/td>\n<td>\n<h4 class=\"fusion-responsive-typography-calculated\" style=\"text-align: center; --fontsize: 18; line-height: 1.25; --minfontsize: 18;\" data-fontsize=\"18\" data-lineheight=\"22.5px\">Delivery Unit<\/h4>\n<\/td>\n<td style=\"text-align: center;\">\n<h4 class=\"fusion-responsive-typography-calculated\" style=\"--fontsize: 18; line-height: 1.25; --minfontsize: 18;\" data-fontsize=\"18\" data-lineheight=\"22.5px\">PZN (DE)<\/h4>\n<\/td>\n<td style=\"text-align: center;\">\n<h4 class=\"fusion-responsive-typography-calculated\" style=\"--fontsize: 18; line-height: 1.25; --minfontsize: 18;\" data-fontsize=\"18\" data-lineheight=\"22.5px\">PZN (AT)<\/h4>\n<\/td>\n<\/tr>\n<tr>\n<td><strong>Ornithine<br \/>\n<\/strong><\/td>\n<td>Tin of 100 g<\/td>\n<td>1 x 100 g<\/td>\n<td>18849687<\/td>\n<td>5808132<\/td>\n<\/tr>\n<\/tbody>\n<\/table>\n<\/div><\/div><\/div><\/div><\/div><\/div><\/div><div class=\"fusion-layout-column fusion_builder_column fusion-builder-column-4 fusion_builder_column_1_1 1_1 fusion-flex-column\" style=\"--awb-bg-size:cover;--awb-width-large:100%;--awb-margin-top-large:60px;--awb-spacing-right-large:1.92%;--awb-margin-bottom-large:0px;--awb-spacing-left-large:1.92%;--awb-width-medium:100%;--awb-order-medium:0;--awb-spacing-right-medium:1.92%;--awb-spacing-left-medium:1.92%;--awb-width-small:100%;--awb-order-small:0;--awb-spacing-right-small:1.92%;--awb-spacing-left-small:1.92%;\"><div class=\"fusion-column-wrapper fusion-column-has-shadow fusion-flex-justify-content-flex-start fusion-content-layout-column\"><div class=\"fusion-title title fusion-title-1 fusion-sep-none fusion-title-center fusion-title-text fusion-title-size-three\" style=\"--awb-margin-top-small:10px;--awb-margin-right-small:0px;--awb-margin-bottom-small:10px;--awb-margin-left-small:0px;\"><h3 class=\"fusion-title-heading title-heading-center fusion-responsive-typography-calculated\" style=\"margin:0;--fontSize:24;--minFontSize:24;line-height:var(--awb-typography1-line-height);\">Other plus8 products<\/h3><\/div><div class=\"fusion-image-carousel fusion-image-carousel-auto fusion-image-carousel-1 awb-image-carousel-top-below-caption\"><div class=\"awb-carousel awb-swiper awb-swiper-carousel awb-carousel--carousel awb-swiper-dots-position-bottom awb-imageframe-style awb-imageframe-style-below awb-imageframe-style-1\" data-layout=\"carousel\" data-autoplay=\"yes\" data-autoplayspeed=\"2500\" data-autoplaypause=\"no\" data-columns=\"4\" data-columnsmedium=\"1\" data-columnssmall=\"1\" data-itemmargin=\"13\" data-itemwidth=\"180\" data-touchscroll=\"no\" data-freemode=\"no\" data-imagesize=\"auto\" data-scrollitems=\"0\" data-centeredslides=\"no\" data-rotationangle=\"50\" data-depth=\"100\" data-speed=\"500\" data-shadow=\"no\" data-pagination=\"bullets\" style=\"--awb-columns:4;\"><div class=\"swiper-wrapper awb-image-carousel-wrapper fusion-flex-align-items-center\"><div class=\"swiper-slide\"><div class=\"fusion-carousel-item-wrapper\"><div class=\"fusion-image-wrapper hover-type-none\"><a href=\"https:\/\/metax.org\/en\/urea-cycle-disorders-ucd\/plus8-kj\/\" target=\"_self\"><img loading=\"lazy\" decoding=\"async\" width=\"540\" height=\"340\" src=\"https:\/\/metax.org\/wp-content\/uploads\/plu8_kj_mitverlauf.jpg\" class=\"attachment-full size-full\" alt=\"plus8 KJ\" srcset=\"https:\/\/metax.org\/wp-content\/uploads\/plu8_kj_mitverlauf-200x126.jpg 200w, https:\/\/metax.org\/wp-content\/uploads\/plu8_kj_mitverlauf-400x252.jpg 400w, https:\/\/metax.org\/wp-content\/uploads\/plu8_kj_mitverlauf.jpg 540w\" sizes=\"auto, (min-width: 2200px) 100vw, (min-width: 704px) 391px, (min-width: 672px) 587px, (min-width: 640px) 672px, \" \/><\/a><\/div><div class=\"awb-imageframe-caption-container\"><div class=\"awb-imageframe-caption\"><h3 class=\"awb-imageframe-caption-title\">plus8 KJ<\/h3><p class=\"awb-imageframe-caption-text\">1 to 14 years<\/p><\/div><\/div><\/div><\/div><div class=\"swiper-slide\"><div class=\"fusion-carousel-item-wrapper\"><div class=\"fusion-image-wrapper hover-type-none\"><a href=\"https:\/\/metax.org\/en\/urea-cycle-disorders-ucd\/plus8-a\/\" target=\"_self\"><img loading=\"lazy\" decoding=\"async\" width=\"540\" height=\"340\" src=\"https:\/\/metax.org\/wp-content\/uploads\/plu8_a_mit_verlauf.jpg\" class=\"attachment-full size-full\" alt=\"plus8 A\" srcset=\"https:\/\/metax.org\/wp-content\/uploads\/plu8_a_mit_verlauf-200x126.jpg 200w, https:\/\/metax.org\/wp-content\/uploads\/plu8_a_mit_verlauf-400x252.jpg 400w, https:\/\/metax.org\/wp-content\/uploads\/plu8_a_mit_verlauf.jpg 540w\" sizes=\"auto, (min-width: 2200px) 100vw, (min-width: 704px) 391px, (min-width: 672px) 587px, (min-width: 640px) 672px, \" \/><\/a><\/div><div class=\"awb-imageframe-caption-container\"><div class=\"awb-imageframe-caption\"><h3 class=\"awb-imageframe-caption-title\">plus8 A<\/h3><p class=\"awb-imageframe-caption-text\">from 15 years<\/p><\/div><\/div><\/div><\/div><div class=\"swiper-slide\"><div class=\"fusion-carousel-item-wrapper\"><div class=\"fusion-image-wrapper hover-type-none\"><img loading=\"lazy\" decoding=\"async\" width=\"540\" height=\"340\" src=\"https:\/\/metax.org\/wp-content\/uploads\/plu8_minis_mit_verlauf.jpg\" class=\"attachment-full size-full\" alt=\"plus8 minis, bei Harnstoffzyklusst\u00f6rungen wie z. B. Arginin\u00e4mie, Argininbernsteins\u00e4urekrankheit, OTC-Mangel, Citrullin\u00e4mie, Hyperammon\u00e4mie oder Hyperornithin\u00e4mie, ab 3 Jahren, hochkonzentriertes Eiwei\u00dfsupplement mit allen 8 (plus8) unentbehrlichen L-Aminos\u00e4uren und der bedingt unentbehrlichen Aminos\u00e4ure Histidin in Tablettenform\" srcset=\"https:\/\/metax.org\/wp-content\/uploads\/plu8_minis_mit_verlauf-200x126.jpg 200w, https:\/\/metax.org\/wp-content\/uploads\/plu8_minis_mit_verlauf-400x252.jpg 400w, https:\/\/metax.org\/wp-content\/uploads\/plu8_minis_mit_verlauf.jpg 540w\" sizes=\"auto, (min-width: 2200px) 100vw, (min-width: 704px) 391px, (min-width: 672px) 587px, (min-width: 640px) 672px, \" \/><\/div><div class=\"awb-imageframe-caption-container\"><div class=\"awb-imageframe-caption\"><h3 class=\"awb-imageframe-caption-title\">plus8 minis  <\/h3><p class=\"awb-imageframe-caption-text\">from 3 years<\/p><\/div><\/div><\/div><\/div><\/div><div class=\"awb-swiper-button awb-swiper-button-prev\"><i class=\"awb-icon-angle-left\" aria-hidden=\"true\"><\/i><\/div><div class=\"awb-swiper-button awb-swiper-button-next\"><i class=\"awb-icon-angle-right\" aria-hidden=\"true\"><\/i><\/div><\/div><\/div><\/div><\/div><\/div><\/div><\/p>\n","protected":false},"excerpt":{"rendered":"","protected":false},"author":5,"featured_media":0,"parent":23480,"menu_order":0,"comment_status":"closed","ping_status":"closed","template":"","meta":{"footnotes":""},"class_list":["post-22968","page","type-page","status-publish","hentry"],"_links":{"self":[{"href":"https:\/\/metax.org\/en\/wp-json\/wp\/v2\/pages\/22968","targetHints":{"allow":["GET"]}}],"collection":[{"href":"https:\/\/metax.org\/en\/wp-json\/wp\/v2\/pages"}],"about":[{"href":"https:\/\/metax.org\/en\/wp-json\/wp\/v2\/types\/page"}],"author":[{"embeddable":true,"href":"https:\/\/metax.org\/en\/wp-json\/wp\/v2\/users\/5"}],"replies":[{"embeddable":true,"href":"https:\/\/metax.org\/en\/wp-json\/wp\/v2\/comments?post=22968"}],"version-history":[{"count":10,"href":"https:\/\/metax.org\/en\/wp-json\/wp\/v2\/pages\/22968\/revisions"}],"predecessor-version":[{"id":23577,"href":"https:\/\/metax.org\/en\/wp-json\/wp\/v2\/pages\/22968\/revisions\/23577"}],"up":[{"embeddable":true,"href":"https:\/\/metax.org\/en\/wp-json\/wp\/v2\/pages\/23480"}],"wp:attachment":[{"href":"https:\/\/metax.org\/en\/wp-json\/wp\/v2\/media?parent=22968"}],"curies":[{"name":"wp","href":"https:\/\/api.w.org\/{rel}","templated":true}]}}